{"id":387,"date":"2024-10-09T10:28:51","date_gmt":"2024-10-09T10:28:51","guid":{"rendered":"https:\/\/120db.me\/podminky-sluzby\/"},"modified":"2024-10-09T10:31:04","modified_gmt":"2024-10-09T10:31:04","slug":"podminky-sluzby","status":"publish","type":"page","link":"https:\/\/120db.me\/cs\/podminky-sluzby\/","title":{"rendered":"Podm\u00ednky slu\u017eby"},"content":{"rendered":"\n<p><strong>Datum \u00fa\u010dinnosti:<\/strong> 09.10.2024<\/p>\n\n<p>V\u00edtejte na str\u00e1nk\u00e1ch <strong>120db.me<\/strong>! Tyto webov\u00e9 str\u00e1nky provozuje spole\u010dnost <strong>120db.me<\/strong>. V\u00fdrazy &#8222;my&#8220;, &#8222;n\u00e1s&#8220; a &#8222;na\u0161e&#8220; se na t\u011bchto str\u00e1nk\u00e1ch vztahuj\u00ed na <strong>120db.me<\/strong>. <strong>120db.me<\/strong> nab\u00edz\u00ed tyto webov\u00e9 str\u00e1nky, v\u010detn\u011b v\u0161ech informac\u00ed, n\u00e1stroj\u016f a slu\u017eeb dostupn\u00fdch na t\u011bchto str\u00e1nk\u00e1ch, v\u00e1m, u\u017eivateli, za p\u0159edpokladu, \u017ee p\u0159ijmete v\u0161echny zde uveden\u00e9 podm\u00ednky, pravidla a upozorn\u011bn\u00ed. <\/p>\n\n<p>N\u00e1v\u0161t\u011bvou na\u0161ich str\u00e1nek a\/nebo pou\u017e\u00edv\u00e1n\u00edm na\u0161ich slu\u017eeb se zapojujete do na\u0161\u00ed &#8222;slu\u017eby&#8220; a souhlas\u00edte s n\u00e1sleduj\u00edc\u00edmi podm\u00ednkami (&#8222;podm\u00ednky slu\u017eby&#8220;, &#8222;podm\u00ednky&#8220;), v\u010detn\u011b v\u0161ech dal\u0161\u00edch podm\u00ednek a z\u00e1sad, na kter\u00e9 se zde odkazuje a\/nebo kter\u00e9 jsou k dispozici prost\u0159ednictv\u00edm hypertextov\u00e9ho odkazu. Tyto podm\u00ednky slu\u017eby se vztahuj\u00ed na v\u0161echny u\u017eivatele webu, mimo jin\u00e9 na prohl\u00ed\u017ee\u010de, prodejce, z\u00e1kazn\u00edky, obchodn\u00edky a p\u0159isp\u011bvatele obsahu. <\/p>\n\n<p>P\u0159ed p\u0159\u00edstupem na na\u0161e webov\u00e9 str\u00e1nky nebo jejich pou\u017e\u00edv\u00e1n\u00edm si pros\u00edm pe\u010dliv\u011b p\u0159e\u010dt\u011bte tyto podm\u00ednky slu\u017eby. P\u0159\u00edstupem nebo pou\u017e\u00edv\u00e1n\u00edm jak\u00e9koli \u010d\u00e1sti webu souhlas\u00edte s t\u011bmito podm\u00ednkami. Pokud nesouhlas\u00edte se v\u0161emi podm\u00ednkami t\u00e9to smlouvy, nesm\u00edte na webov\u00e9 str\u00e1nky p\u0159istupovat ani pou\u017e\u00edvat \u017e\u00e1dn\u00e9 slu\u017eby.  <\/p>\n\n<p>Podm\u00ednky slu\u017eby se vztahuj\u00ed i na v\u0161echny nov\u00e9 funkce nebo n\u00e1stroje p\u0159idan\u00e9 na st\u00e1vaj\u00edc\u00ed str\u00e1nky. Na t\u00e9to str\u00e1nce si m\u016f\u017eete kdykoli prohl\u00e9dnout nejaktu\u00e1ln\u011bj\u0161\u00ed verzi Podm\u00ednek slu\u017eby. Vyhrazujeme si pr\u00e1vo aktualizovat, zm\u011bnit nebo nahradit jakoukoli \u010d\u00e1st t\u011bchto Podm\u00ednek slu\u017eby zve\u0159ejn\u011bn\u00edm aktualizac\u00ed a\/nebo zm\u011bn na na\u0161ich webov\u00fdch str\u00e1nk\u00e1ch. Je va\u0161\u00ed povinnost\u00ed pravideln\u011b kontrolovat tuto str\u00e1nku, zda nedo\u0161lo ke zm\u011bn\u00e1m. Va\u0161e dal\u0161\u00ed pou\u017e\u00edv\u00e1n\u00ed webov\u00fdch str\u00e1nek nebo p\u0159\u00edstup na n\u011b po jak\u00fdchkoli aktualizac\u00edch znamen\u00e1 souhlas s t\u011bmito zm\u011bnami.    <\/p>\n\n<p><strong>ODD\u00cdL 1 &#8211; PODM\u00cdNKY POU\u017d\u00cdV\u00c1N\u00cd ONLINE<\/strong><\/p>\n\n<p>Souhlasem s t\u011bmito podm\u00ednkami slu\u017eby potvrzujete, \u017ee jste ve sv\u00e9 zemi alespo\u0148 plnolet\u00ed nebo jste n\u00e1m dali souhlas s t\u00edm, abychom umo\u017enili pou\u017e\u00edv\u00e1n\u00ed t\u011bchto str\u00e1nek va\u0161im nezletil\u00fdm z\u00e1visl\u00fdm osob\u00e1m.<\/p>\n\n<p>Na\u0161e str\u00e1nky nesm\u00edte pou\u017e\u00edvat k \u017e\u00e1dn\u00fdm nez\u00e1konn\u00fdm nebo neopr\u00e1vn\u011bn\u00fdm \u00fa\u010del\u016fm, ani nesm\u00edte poru\u0161ovat \u017e\u00e1dn\u00e9 z\u00e1kony ve va\u0161\u00ed jurisdikci (mimo jin\u00e9 z\u00e1kony o autorsk\u00fdch pr\u00e1vech).<\/p>\n\n<p>Poru\u0161en\u00ed nebo nedodr\u017een\u00ed kter\u00e9koli z t\u011bchto podm\u00ednek bude m\u00edt za n\u00e1sledek okam\u017eit\u00e9 ukon\u010den\u00ed va\u0161eho p\u0159\u00edstupu k na\u0161\u00ed slu\u017eb\u011b.<\/p>\n\n<p><strong>ODD\u00cdL 2 &#8211; V\u0160EOBECN\u00c9 PODM\u00cdNKY<\/strong><\/p>\n\n<p>Vyhrazujeme si pr\u00e1vo kdykoli odm\u00edtnout slu\u017ebu komukoli z jak\u00e9hokoli d\u016fvodu.<\/p>\n\n<p>Berete na v\u011bdom\u00ed, \u017ee v\u00e1\u0161 obsah (s v\u00fdjimkou \u00fadaj\u016f o kreditn\u00ed kart\u011b) m\u016f\u017ee b\u00fdt p\u0159en\u00e1\u0161en ne\u0161ifrovan\u011b a m\u016f\u017ee zahrnovat p\u0159enosy p\u0159es r\u016fzn\u00e9 s\u00edt\u011b a p\u0159izp\u016fsoben\u00ed technick\u00fdm po\u017eadavk\u016fm. Informace o kreditn\u00edch kart\u00e1ch jsou p\u0159i p\u0159enosu p\u0159es s\u00edt\u011b v\u017edy \u0161ifrov\u00e1ny. <\/p>\n\n<p>Souhlas\u00edte s t\u00edm, \u017ee nebudete reprodukovat, duplikovat, kop\u00edrovat, prod\u00e1vat ani vyu\u017e\u00edvat \u017e\u00e1dnou \u010d\u00e1st slu\u017eby bez na\u0161eho v\u00fdslovn\u00e9ho p\u00edsemn\u00e9ho souhlasu.<\/p>\n\n<p><strong>ODD\u00cdL 3 &#8211; P\u0158ESNOST, \u00daPLNOST A V\u010cASNOST INFORMAC\u00cd<\/strong><\/p>\n\n<p>Neneseme odpov\u011bdnost za to, \u017ee informace uveden\u00e9 na t\u011bchto str\u00e1nk\u00e1ch nejsou p\u0159esn\u00e9, \u00fapln\u00e9 nebo aktu\u00e1ln\u00ed. Obsah t\u011bchto str\u00e1nek slou\u017e\u00ed pouze k obecn\u00fdm informa\u010dn\u00edm \u00fa\u010del\u016fm a nem\u011blo by se na n\u011bj spol\u00e9hat bez konzultace prim\u00e1rn\u00edch, p\u0159esn\u011bj\u0161\u00edch nebo aktu\u00e1ln\u011bj\u0161\u00edch zdroj\u016f informac\u00ed. Pou\u017eit\u00ed jak\u00e9hokoli materi\u00e1lu na t\u011bchto str\u00e1nk\u00e1ch je na va\u0161e vlastn\u00ed riziko.  <\/p>\n\n<p><strong>ODD\u00cdL 4 &#8211; ZM\u011aNY SLU\u017dBY<\/strong><\/p>\n\n<p>Vyhrazujeme si pr\u00e1vo Slu\u017ebu (nebo jej\u00ed \u010d\u00e1st) kdykoli zm\u011bnit nebo ukon\u010dit bez p\u0159edchoz\u00edho upozorn\u011bn\u00ed. Neneseme odpov\u011bdnost za jak\u00e9koli \u00fapravy, zm\u011bny cen, pozastaven\u00ed nebo p\u0159eru\u0161en\u00ed Slu\u017eby. <\/p>\n\n<p><strong>ODD\u00cdL 5 &#8211; PRODUKTY NEBO SLU\u017dBY (JE-LI TO RELEVANTN\u00cd)<\/strong><\/p>\n\n<p>N\u011bkter\u00e9 slu\u017eby mohou b\u00fdt dostupn\u00e9 v\u00fdhradn\u011b online. Tyto slu\u017eby mohou m\u00edt omezenou dostupnost a podl\u00e9haj\u00ed vr\u00e1cen\u00ed nebo v\u00fdm\u011bn\u011b podle na\u0161ich z\u00e1sad. Vyhrazujeme si pr\u00e1vo omezit prodej slu\u017eeb pro jakoukoli osobu, oblast nebo jurisdikci a v\u0161echny popisy slu\u017eeb a ceny se mohou kdykoli zm\u011bnit.  <\/p>\n\n<p><strong>ODD\u00cdL 6 &#8211; SPR\u00c1VNOST FAKTURA\u010cN\u00cdCH \u00daDAJ\u016e A \u00daDAJ\u016e O \u00da\u010cTU<\/strong><\/p>\n\n<p>Souhlas\u00edte s t\u00edm, \u017ee budete p\u0159i v\u0161ech n\u00e1kupech uv\u00e1d\u011bt aktu\u00e1ln\u00ed, \u00fapln\u00e9 a p\u0159esn\u00e9 \u00fadaje a v p\u0159\u00edpad\u011b pot\u0159eby budete sv\u00e9 \u00fadaje, v\u010detn\u011b e-mailov\u00e9 adresy a platebn\u00edch \u00fadaj\u016f, neprodlen\u011b aktualizovat.<\/p>\n\n<p><strong>ODD\u00cdL 7 &#8211; ODKAZY T\u0158ET\u00cdCH STRAN<\/strong><\/p>\n\n<p>Na\u0161e str\u00e1nky mohou obsahovat odkazy na webov\u00e9 str\u00e1nky t\u0159et\u00edch stran. Neodpov\u00edd\u00e1me za obsah nebo spr\u00e1vnost webov\u00fdch str\u00e1nek t\u0159et\u00edch stran a neneseme odpov\u011bdnost za \u0161kody nebo \u00fajmy vznikl\u00e9 v d\u016fsledku transakc\u00ed s t\u0159et\u00edmi stranami. <\/p>\n\n<p><strong>ODD\u00cdL 8 &#8211; P\u0158IPOM\u00cdNKY A ZP\u011aTN\u00c1 VAZBA U\u017dIVATEL\u016e<\/strong><\/p>\n\n<p>Pokud n\u00e1m po\u0161lete p\u0159ipom\u00ednky nebo zp\u011btnou vazbu, m\u016f\u017eeme je pou\u017e\u00edt bez omezen\u00ed. Nejsme povinni zachov\u00e1vat d\u016fv\u011brnost koment\u00e1\u0159\u016f, vypl\u00e1cet za n\u011b n\u00e1hradu ani na n\u011b reagovat. <\/p>\n\n<p><strong>ODD\u00cdL 9 &#8211; OSOBN\u00cd \u00daDAJE<\/strong><\/p>\n\n<p>Poskytov\u00e1n\u00ed osobn\u00edch \u00fadaj\u016f prost\u0159ednictv\u00edm webov\u00fdch str\u00e1nek se \u0159\u00edd\u00ed na\u0161imi Z\u00e1sadami ochrany osobn\u00edch \u00fadaj\u016f.<\/p>\n\n<p><strong>ODD\u00cdL 10 &#8211; ZAK\u00c1ZAN\u00c1 POU\u017dIT\u00cd<\/strong><\/p>\n\n<p>Krom\u011b dal\u0161\u00edch z\u00e1kaz\u016f je zak\u00e1z\u00e1no pou\u017e\u00edvat str\u00e1nky nebo jejich obsah k nez\u00e1konn\u00fdm \u00fa\u010del\u016fm, k poru\u0161ov\u00e1n\u00ed z\u00e1kon\u016f, k poru\u0161ov\u00e1n\u00ed pr\u00e1v jin\u00fdch osob nebo k nahr\u00e1v\u00e1n\u00ed \u0161kodliv\u00e9ho k\u00f3du a k dal\u0161\u00edm \u010dinnostem.<\/p>\n\n<p><strong>ODD\u00cdL 11 &#8211; Z\u0158EKNUT\u00cd SE Z\u00c1RUK; OMEZEN\u00cd ODPOV\u011aDNOSTI<\/strong><\/p>\n\n<p>Nezaru\u010dujeme, \u017ee pou\u017e\u00edv\u00e1n\u00ed na\u0161ich slu\u017eeb bude nep\u0159eru\u0161ovan\u00e9, bezchybn\u00e9 nebo bezpe\u010dn\u00e9. Souhlas\u00edte s t\u00edm, \u017ee slu\u017ebu pou\u017e\u00edv\u00e1te na vlastn\u00ed nebezpe\u010d\u00ed. V\u0161echny slu\u017eby a produkty jsou poskytov\u00e1ny &#8222;tak, jak jsou&#8220;, bez jak\u00fdchkoli z\u00e1ruk.  <\/p>\n\n<p><strong>ODD\u00cdL 12 &#8211; ROZHODN\u00c9 PR\u00c1VO<\/strong><\/p>\n\n<p>Tyto podm\u00ednky slu\u017eby a v\u0161echny samostatn\u00e9 smlouvy, na jejich\u017e z\u00e1klad\u011b v\u00e1m poskytujeme slu\u017eby, se \u0159\u00edd\u00ed z\u00e1kony <strong>Spojen\u00fdch arabsk\u00fdch emir\u00e1t\u016f<\/strong> a jsou vykl\u00e1d\u00e1ny v souladu s nimi.<\/p>\n\n<p><strong>ODD\u00cdL 13 &#8211; ZM\u011aNY PODM\u00cdNEK SLU\u017dBY<\/strong><\/p>\n\n<p>Na t\u00e9to str\u00e1nce si m\u016f\u017eete kdykoli prohl\u00e9dnout aktu\u00e1ln\u00ed verzi podm\u00ednek poskytov\u00e1n\u00ed slu\u017eeb. Vyhrazujeme si pr\u00e1vo aktualizovat nebo nahradit jakoukoli \u010d\u00e1st t\u011bchto Podm\u00ednek slu\u017eby zve\u0159ejn\u011bn\u00edm aktualizac\u00ed na na\u0161ich webov\u00fdch str\u00e1nk\u00e1ch. Je va\u0161\u00ed povinnost\u00ed pravideln\u011b kontrolovat, zda nedo\u0161lo ke zm\u011bn\u00e1m.  <\/p>\n\n<p><strong>ODD\u00cdL 14 &#8211; KONTAKTN\u00cd INFORMACE<\/strong><\/p>\n\n<p>Dotazy t\u00fdkaj\u00edc\u00ed se smluvn\u00edch podm\u00ednek zas\u00edlejte na adresu <strong>info@120db.me<\/strong>.<\/p>\n","protected":false},"excerpt":{"rendered":"<p>Datum \u00fa\u010dinnosti: 09.10.2024 V\u00edtejte na str\u00e1nk\u00e1ch 120db.me! Tyto webov\u00e9 str\u00e1nky provozuje spole\u010dnost 120db.me. V\u00fdrazy &#8222;my&#8220;, &#8222;n\u00e1s&#8220; a &#8222;na\u0161e&#8220; se na t\u011bchto str\u00e1nk\u00e1ch vztahuj\u00ed na 120db.me. 120db.me nab\u00edz\u00ed tyto webov\u00e9 str\u00e1nky, v\u010detn\u011b v\u0161ech informac\u00ed, n\u00e1stroj\u016f a slu\u017eeb dostupn\u00fdch na t\u011bchto str\u00e1nk\u00e1ch, v\u00e1m, u\u017eivateli, za p\u0159edpokladu, \u017ee p\u0159ijmete v\u0161echny zde uveden\u00e9 podm\u00ednky, pravidla a upozorn\u011bn\u00ed. N\u00e1v\u0161t\u011bvou na\u0161ich [&hellip;]<\/p>\n","protected":false},"author":1,"featured_media":0,"parent":0,"menu_order":0,"comment_status":"closed","ping_status":"closed","template":"","meta":{"_acf_changed":false,"footnotes":""},"class_list":["post-387","page","type-page","status-publish","hentry"],"blocksy_meta":[],"acf":[],"_links":{"self":[{"href":"https:\/\/120db.me\/cs\/wp-json\/wp\/v2\/pages\/387","targetHints":{"allow":["GET"]}}],"collection":[{"href":"https:\/\/120db.me\/cs\/wp-json\/wp\/v2\/pages"}],"about":[{"href":"https:\/\/120db.me\/cs\/wp-json\/wp\/v2\/types\/page"}],"author":[{"embeddable":true,"href":"https:\/\/120db.me\/cs\/wp-json\/wp\/v2\/users\/1"}],"replies":[{"embeddable":true,"href":"https:\/\/120db.me\/cs\/wp-json\/wp\/v2\/comments?post=387"}],"version-history":[{"count":1,"href":"https:\/\/120db.me\/cs\/wp-json\/wp\/v2\/pages\/387\/revisions"}],"predecessor-version":[{"id":388,"href":"https:\/\/120db.me\/cs\/wp-json\/wp\/v2\/pages\/387\/revisions\/388"}],"wp:attachment":[{"href":"https:\/\/120db.me\/cs\/wp-json\/wp\/v2\/media?parent=387"}],"curies":[{"name":"wp","href":"https:\/\/api.w.org\/{rel}","templated":true}]}}