{"id":383,"date":"2024-10-09T10:26:11","date_gmt":"2024-10-09T10:26:11","guid":{"rendered":"https:\/\/120db.me\/zasady-vraceni-penez-a-vraceni-zbozi\/"},"modified":"2024-10-09T10:30:37","modified_gmt":"2024-10-09T10:30:37","slug":"zasady-vraceni-penez-a-vraceni-zbozi","status":"publish","type":"page","link":"https:\/\/120db.me\/cs\/zasady-vraceni-penez-a-vraceni-zbozi\/","title":{"rendered":"Z\u00e1sady vracen\u00ed pen\u011bz a vr\u00e1cen\u00ed zbo\u017e\u00ed"},"content":{"rendered":"\n<p><strong>Datum \u00fa\u010dinnosti: 09.10.2024<\/strong><\/p>\n\n<p>Ve spole\u010dnosti 120db.me usilujeme o to, aby na\u0161i z\u00e1kazn\u00edci byli s produkty, kter\u00e9 u n\u00e1s zakoup\u00ed, spokojeni. Tyto z\u00e1sady vracen\u00ed zbo\u017e\u00ed popisuj\u00ed podm\u00ednky, za kter\u00fdch lze vr\u00e1tit zbo\u017e\u00ed a vr\u00e1tit pen\u00edze za fyzick\u00e9 i digit\u00e1ln\u00ed produkty prod\u00e1van\u00e9 na na\u0161ich webov\u00fdch str\u00e1nk\u00e1ch. <\/p>\n\n<p><strong>1. Fyzick\u00e9 produkty<\/strong><\/p>\n\n<p><strong>Pln\u011bn\u00ed od t\u0159et\u00edch stran:<\/strong><br\/>V\u0161echny fyzick\u00e9 produkty zakoupen\u00e9 prost\u0159ednictv\u00edm 120db.me pln\u00ed dodavatel\u00e9 t\u0159et\u00edch stran. Jak\u00e9koli z\u00e1le\u017eitosti t\u00fdkaj\u00edc\u00ed se vr\u00e1cen\u00ed, n\u00e1hrady nebo v\u00fdm\u011bny fyzick\u00fdch produkt\u016f je proto t\u0159eba \u0159e\u0161it p\u0159\u00edmo s prodejcem t\u0159et\u00ed strany. Prostudujte si pros\u00edm konkr\u00e9tn\u00ed pravidla pro vracen\u00ed zbo\u017e\u00ed, kter\u00e1 poskytuje prodejce t\u0159et\u00ed strany, u n\u011bho\u017e byl v\u00e1\u0161 produkt zakoupen.  <\/p>\n\n<p><strong>Postup p\u0159i vr\u00e1cen\u00ed fyzick\u00fdch produkt\u016f:<\/strong><br\/>Pokud chcete vr\u00e1tit fyzick\u00fd produkt, postupujte podle n\u00e1sleduj\u00edc\u00edch krok\u016f:<\/p>\n\n<ul class=\"wp-block-list\">\n<li>Prostudujte si z\u00e1sady pro vracen\u00ed zbo\u017e\u00ed poskytnut\u00e9 prodejcem t\u0159et\u00ed strany.<\/li>\n\n\n\n<li>Pokyny k vr\u00e1cen\u00ed nebo v\u00fdm\u011bn\u011b zbo\u017e\u00ed z\u00edsk\u00e1te p\u0159\u00edmo od prodejce.<\/li>\n\n\n\n<li>Jak\u00e9koli n\u00e1hrady, v\u00fdm\u011bny nebo v\u00fdm\u011bny fyzick\u00e9ho zbo\u017e\u00ed podl\u00e9haj\u00ed z\u00e1sad\u00e1m a rozhodnut\u00ed prodejce t\u0159et\u00ed strany.<\/li>\n<\/ul>\n\n<p><strong>Pozn\u00e1mka:<\/strong> Spole\u010dnost 120db.me neodpov\u00edd\u00e1 za vy\u0159izov\u00e1n\u00ed vr\u00e1cen\u00ed zbo\u017e\u00ed ani za vr\u00e1cen\u00ed pen\u011bz za fyzick\u00e9 produkty prod\u00e1van\u00e9 a dod\u00e1van\u00e9 prodejci t\u0159et\u00edch stran. Na\u0161\u00ed \u00falohou je zprost\u0159edkovat v\u00e1m n\u00e1kup prost\u0159ednictv\u00edm prodejce, ale proces vr\u00e1cen\u00ed nebo refundace bude \u0159\u00eddit prodejce. <\/p>\n\n<p><strong>2. Digit\u00e1ln\u00ed produkty<\/strong><\/p>\n\n<p><strong>Nevratn\u00e9:<\/strong><br\/>V\u0161echny digit\u00e1ln\u00ed produkty, v\u010detn\u011b kurz\u016f, materi\u00e1l\u016f ke sta\u017een\u00ed a dal\u0161\u00edho digit\u00e1ln\u00edho obsahu prod\u00e1van\u00e9ho na 120db.me, jsou <strong>nevratn\u00e9<\/strong>. Zakoupen\u00edm digit\u00e1ln\u00edch produkt\u016f berete na v\u011bdom\u00ed, \u017ee tyto produkty obsahuj\u00ed cenn\u00e9 znalosti a do jejich vytvo\u0159en\u00ed bylo investov\u00e1no zna\u010dn\u00e9 \u00fasil\u00ed. <\/p>\n\n<p>Po poskytnut\u00ed p\u0159\u00edstupu k digit\u00e1ln\u00edm produkt\u016fm nebo sta\u017een\u00ed digit\u00e1ln\u00edho produktu se pen\u00edze nevracej\u00ed, proto\u017ee tyto materi\u00e1ly nelze vr\u00e1tit stejn\u00fdm zp\u016fsobem jako fyzick\u00e9 produkty.<\/p>\n\n<p><strong>V\u00fdjimky:<\/strong><br\/>V nepravd\u011bpodobn\u00e9m p\u0159\u00edpad\u011b, \u017ee se digit\u00e1ln\u00ed produkt uk\u00e1\u017ee jako vadn\u00fd nebo nedostupn\u00fd z d\u016fvodu technick\u00fdch probl\u00e9m\u016f na na\u0161\u00ed stran\u011b, kontaktujte n\u00e1s na adrese info@120db.me a po\u017e\u00e1dejte o podporu. Probl\u00e9m posoud\u00edme a poskytneme \u0159e\u0161en\u00ed, kter\u00e9 m\u016f\u017ee zahrnovat umo\u017en\u011bn\u00ed p\u0159\u00edstupu k materi\u00e1lu nebo poskytnut\u00ed n\u00e1hradn\u00edho materi\u00e1lu. <\/p>\n\n<p><strong>3. Kontaktujte n\u00e1s<\/strong><\/p>\n\n<p>Pokud m\u00e1te jak\u00e9koli dotazy nebo pot\u0159ebujete pomoc s n\u00e1kupem, v\u010detn\u011b spojen\u00ed s prodejci t\u0159et\u00edch stran pro vr\u00e1cen\u00ed fyzick\u00fdch produkt\u016f nebo \u0159e\u0161en\u00ed probl\u00e9m\u016f s digit\u00e1ln\u00edmi produkty, kontaktujte n\u00e1s na adrese:<\/p>\n\n<p><strong>E-mail:<\/strong> info@120db.me<\/p>\n","protected":false},"excerpt":{"rendered":"<p>Datum \u00fa\u010dinnosti: 09.10.2024 Ve spole\u010dnosti 120db.me usilujeme o to, aby na\u0161i z\u00e1kazn\u00edci byli s produkty, kter\u00e9 u n\u00e1s zakoup\u00ed, spokojeni. Tyto z\u00e1sady vracen\u00ed zbo\u017e\u00ed popisuj\u00ed podm\u00ednky, za kter\u00fdch lze vr\u00e1tit zbo\u017e\u00ed a vr\u00e1tit pen\u00edze za fyzick\u00e9 i digit\u00e1ln\u00ed produkty prod\u00e1van\u00e9 na na\u0161ich webov\u00fdch str\u00e1nk\u00e1ch. 1. Fyzick\u00e9 produkty Pln\u011bn\u00ed od t\u0159et\u00edch stran:V\u0161echny fyzick\u00e9 produkty zakoupen\u00e9 prost\u0159ednictv\u00edm [&hellip;]<\/p>\n","protected":false},"author":1,"featured_media":0,"parent":0,"menu_order":0,"comment_status":"closed","ping_status":"closed","template":"","meta":{"_acf_changed":false,"footnotes":""},"class_list":["post-383","page","type-page","status-publish","hentry"],"blocksy_meta":[],"acf":[],"_links":{"self":[{"href":"https:\/\/120db.me\/cs\/wp-json\/wp\/v2\/pages\/383","targetHints":{"allow":["GET"]}}],"collection":[{"href":"https:\/\/120db.me\/cs\/wp-json\/wp\/v2\/pages"}],"about":[{"href":"https:\/\/120db.me\/cs\/wp-json\/wp\/v2\/types\/page"}],"author":[{"embeddable":true,"href":"https:\/\/120db.me\/cs\/wp-json\/wp\/v2\/users\/1"}],"replies":[{"embeddable":true,"href":"https:\/\/120db.me\/cs\/wp-json\/wp\/v2\/comments?post=383"}],"version-history":[{"count":1,"href":"https:\/\/120db.me\/cs\/wp-json\/wp\/v2\/pages\/383\/revisions"}],"predecessor-version":[{"id":384,"href":"https:\/\/120db.me\/cs\/wp-json\/wp\/v2\/pages\/383\/revisions\/384"}],"wp:attachment":[{"href":"https:\/\/120db.me\/cs\/wp-json\/wp\/v2\/media?parent=383"}],"curies":[{"name":"wp","href":"https:\/\/api.w.org\/{rel}","templated":true}]}}