{"id":379,"date":"2024-09-23T08:10:26","date_gmt":"2024-09-23T08:10:26","guid":{"rendered":"https:\/\/120db.me\/zasady-ochrany-osobnich-udaju\/"},"modified":"2024-10-09T10:30:02","modified_gmt":"2024-10-09T10:30:02","slug":"zasady-ochrany-osobnich-udaju","status":"publish","type":"page","link":"https:\/\/120db.me\/cs\/zasady-ochrany-osobnich-udaju\/","title":{"rendered":"Z\u00e1sady ochrany osobn\u00edch \u00fadaj\u016f"},"content":{"rendered":"\n<p><strong>Datum \u00fa\u010dinnosti: 09.10.2024<\/strong><\/p>\n\n<p>Spole\u010dnost 120db.me (d\u00e1le jen &#8222;my&#8220;, &#8222;na\u0161e&#8220;, &#8222;n\u00e1s&#8220;) respektuje va\u0161e soukrom\u00ed a zavazuje se chr\u00e1nit osobn\u00ed \u00fadaje, kter\u00e9 s n\u00e1mi sd\u00edl\u00edte prost\u0159ednictv\u00edm na\u0161ich webov\u00fdch str\u00e1nek 120db.me. Tyto z\u00e1sady ochrany osobn\u00edch \u00fadaj\u016f vysv\u011btluj\u00ed, jak shroma\u017e\u010fujeme, pou\u017e\u00edv\u00e1me a chr\u00e1n\u00edme va\u0161e \u00fadaje. Pou\u017e\u00edv\u00e1n\u00edm t\u011bchto webov\u00fdch str\u00e1nek souhlas\u00edte s postupy popsan\u00fdmi v t\u011bchto Z\u00e1sad\u00e1ch ochrany osobn\u00edch \u00fadaj\u016f.  <\/p>\n\n<p><strong>1. Informace, kter\u00e9 shroma\u017e\u010fujeme<\/strong><\/p>\n\n<p>M\u016f\u017eeme shroma\u017e\u010fovat n\u00e1sleduj\u00edc\u00ed typy informac\u00ed:<\/p>\n\n<ul class=\"wp-block-list\">\n<li><strong>Osobn\u00ed \u00fadaje:<\/strong> Pokud n\u00e1m je dobrovoln\u011b poskytnete, shroma\u017e\u010fujeme osobn\u00ed \u00fadaje, jako je va\u0161e jm\u00e9no, e-mailov\u00e1 adresa nebo jin\u00e9 kontaktn\u00ed \u00fadaje. K tomu m\u016f\u017ee doj\u00edt, kdy\u017e se p\u0159ihl\u00e1s\u00edte k odb\u011bru na\u0161eho newsletteru, kontaktujete n\u00e1s nebo s n\u00e1mi jinak komunikujete. <\/li>\n\n\n\n<li><strong>Automaticky shroma\u017e\u010fovan\u00e9 informace:<\/strong> P\u0159i interakci s na\u0161imi webov\u00fdmi str\u00e1nkami m\u016f\u017eeme automaticky shroma\u017e\u010fovat \u00fadaje, v\u010detn\u011b IP adres, typ\u016f prohl\u00ed\u017ee\u010d\u016f, typ\u016f za\u0159\u00edzen\u00ed, nav\u0161t\u00edven\u00fdch str\u00e1nek a \u010dasu str\u00e1ven\u00e9ho na webu. Ke shroma\u017e\u010fov\u00e1n\u00ed t\u011bchto informac\u00ed m\u016f\u017eeme pou\u017e\u00edvat soubory cookie nebo podobn\u00e9 technologie. <\/li>\n<\/ul>\n\n<p><strong>2. Jak pou\u017e\u00edv\u00e1me va\u0161e informace<\/strong><\/p>\n\n<p>Va\u0161e \u00fadaje m\u016f\u017eeme pou\u017e\u00edt k n\u00e1sleduj\u00edc\u00edm \u00fa\u010del\u016fm:<\/p>\n\n<ul class=\"wp-block-list\">\n<li>Poskytov\u00e1n\u00ed a \u00fadr\u017eba na\u0161ich webov\u00fdch str\u00e1nek a jejich funkc\u00ed.<\/li>\n\n\n\n<li>reagovat na va\u0161e dotazy, zp\u011btnou vazbu nebo \u017e\u00e1dosti.<\/li>\n\n\n\n<li>zas\u00edl\u00e1n\u00ed newsletter\u016f, propaga\u010dn\u00edch nab\u00eddek nebo jin\u00fdch sd\u011blen\u00ed, pokud jste se k tomu p\u0159ihl\u00e1sili.<\/li>\n\n\n\n<li>Analyzovat pou\u017e\u00edv\u00e1n\u00ed webov\u00fdch str\u00e1nek a zlep\u0161ovat n\u00e1\u0161 obsah a slu\u017eby.<\/li>\n\n\n\n<li>Vym\u00e1h\u00e1n\u00ed na\u0161ich smluvn\u00edch podm\u00ednek nebo jin\u00fdch dohod.<\/li>\n<\/ul>\n\n<p><strong>3. Sd\u00edlen\u00ed va\u0161ich informac\u00ed<\/strong><\/p>\n\n<p>Va\u0161e osobn\u00ed \u00fadaje neprod\u00e1v\u00e1me, neobchodujeme s nimi ani je nepronaj\u00edm\u00e1me t\u0159et\u00edm stran\u00e1m. Va\u0161e \u00fadaje v\u0161ak m\u016f\u017eeme sd\u00edlet v n\u00e1sleduj\u00edc\u00edch p\u0159\u00edpadech: <\/p>\n\n<ul class=\"wp-block-list\">\n<li><strong>Poskytovatel\u00e9 slu\u017eeb:<\/strong> Poskytovatel\u00e9 slu\u017eeb: Va\u0161e \u00fadaje m\u016f\u017eeme sd\u00edlet s poskytovateli slu\u017eeb t\u0159et\u00edch stran, kte\u0159\u00ed n\u00e1m pom\u00e1haj\u00ed s provozem na\u0161ich webov\u00fdch str\u00e1nek a poskytov\u00e1n\u00edm slu\u017eeb pro v\u00e1s, ale jsou v\u00e1z\u00e1ni smlouvami o zachov\u00e1n\u00ed d\u016fv\u011brnosti.<\/li>\n\n\n\n<li><strong>Pr\u00e1vn\u00ed po\u017eadavky:<\/strong> Va\u0161e \u00fadaje m\u016f\u017eeme zve\u0159ejnit, pokud to vy\u017eaduje z\u00e1kon nebo v reakci na platn\u00e9 pr\u00e1vn\u00ed po\u017eadavky.<\/li>\n<\/ul>\n\n<p><strong>4. Soubory cookie a sledovac\u00ed technologie<\/strong><\/p>\n\n<p>Pou\u017e\u00edv\u00e1me soubory cookie a podobn\u00e9 sledovac\u00ed technologie, abychom zlep\u0161ili v\u00e1\u0161 z\u00e1\u017eitek ze str\u00e1nek 120db.me. Soubory cookie jsou mal\u00e9 soubory um\u00edst\u011bn\u00e9 ve va\u0161em za\u0159\u00edzen\u00ed, kter\u00e9 n\u00e1m pom\u00e1haj\u00ed analyzovat n\u00e1v\u0161t\u011bvnost a pou\u017e\u00edv\u00e1n\u00ed webov\u00fdch str\u00e1nek. P\u0159edvolby soubor\u016f cookie m\u016f\u017eete spravovat prost\u0159ednictv\u00edm nastaven\u00ed prohl\u00ed\u017ee\u010de, ale jejich vypnut\u00ed m\u016f\u017ee ovlivnit va\u0161e u\u017eivatelsk\u00e9 prost\u0159ed\u00ed.  <\/p>\n\n<p><strong>5. Odkazy t\u0159et\u00edch stran<\/strong><\/p>\n\n<p>Na\u0161e webov\u00e9 str\u00e1nky mohou obsahovat odkazy na webov\u00e9 str\u00e1nky t\u0159et\u00edch stran. Nejsme zodpov\u011bdn\u00ed za ochranu osobn\u00edch \u00fadaj\u016f nebo obsah t\u011bchto extern\u00edch str\u00e1nek. Doporu\u010dujeme v\u00e1m, abyste si p\u0159ed poskytnut\u00edm jak\u00fdchkoli osobn\u00edch \u00fadaj\u016f prostudovali z\u00e1sady ochrany osobn\u00edch \u00fadaj\u016f t\u011bchto str\u00e1nek.  <\/p>\n\n<p><strong>6. Zabezpe\u010den\u00ed dat<\/strong><\/p>\n\n<p>P\u0159ij\u00edm\u00e1me p\u0159im\u011b\u0159en\u00e1 opat\u0159en\u00ed na ochranu va\u0161ich osobn\u00edch \u00fadaj\u016f p\u0159ed neopr\u00e1vn\u011bn\u00fdm p\u0159\u00edstupem, zve\u0159ejn\u011bn\u00edm, zm\u011bnou nebo zni\u010den\u00edm. \u017d\u00e1dn\u00fd zp\u016fsob p\u0159enosu p\u0159es internet v\u0161ak nen\u00ed zcela bezpe\u010dn\u00fd a nem\u016f\u017eeme zaru\u010dit absolutn\u00ed bezpe\u010dnost. <\/p>\n\n<p><strong>7. Va\u0161e pr\u00e1va<\/strong><\/p>\n\n<p>M\u00e1te pr\u00e1vo na:<\/p>\n\n<ul class=\"wp-block-list\">\n<li>P\u0159\u00edstup k osobn\u00edm \u00fadaj\u016fm, kter\u00e9 o v\u00e1s uchov\u00e1v\u00e1me, jejich aktualizaci nebo vymaz\u00e1n\u00ed.<\/li>\n\n\n\n<li>odvolat sv\u016fj souhlas se zpracov\u00e1n\u00edm va\u0161ich \u00fadaj\u016f.<\/li>\n\n\n\n<li>vzn\u00e9st n\u00e1mitku nebo omezit zpracov\u00e1n\u00ed va\u0161ich osobn\u00edch \u00fadaj\u016f.<\/li>\n<\/ul>\n\n<p>Chcete-li uplatnit n\u011bkter\u00e9 z t\u011bchto pr\u00e1v, kontaktujte n\u00e1s na adrese info@120db.me.<\/p>\n\n<p><strong>8. Ochrana soukrom\u00ed d\u011bt\u00ed<\/strong><\/p>\n\n<p>Na\u0161e webov\u00e9 str\u00e1nky nejsou ur\u010deny pro d\u011bti mlad\u0161\u00ed 13 let. Osobn\u00ed \u00fadaje od d\u011bt\u00ed v\u011bdom\u011b neshroma\u017e\u010fujeme. Pokud se domn\u00edv\u00e1te, \u017ee jsme ne\u00famysln\u011b shrom\u00e1\u017edili informace od d\u00edt\u011bte, kontaktujte n\u00e1s a my je neprodlen\u011b odstran\u00edme.  <\/p>\n\n<p><strong>9. Zm\u011bny t\u011bchto z\u00e1sad ochrany osobn\u00edch \u00fadaj\u016f<\/strong><\/p>\n\n<p>Vyhrazujeme si pr\u00e1vo tyto z\u00e1sady ochrany osobn\u00edch \u00fadaj\u016f kdykoli aktualizovat nebo zm\u011bnit. Ve\u0161ker\u00e9 zm\u011bny budou zve\u0159ejn\u011bny na t\u00e9to str\u00e1nce s p\u0159\u00edslu\u0161n\u00fdm datem \u00fa\u010dinnosti. Pravideln\u011b tyto z\u00e1sady kontrolujte, zda nedo\u0161lo k jejich aktualizaci.  <\/p>\n\n<p><strong>10. Kontaktujte n\u00e1s<\/strong><\/p>\n\n<p>Pokud m\u00e1te jak\u00e9koli dotazy nebo obavy t\u00fdkaj\u00edc\u00ed se t\u011bchto z\u00e1sad ochrany osobn\u00edch \u00fadaj\u016f nebo zp\u016fsobu, jak\u00fdm nakl\u00e1d\u00e1me s va\u0161imi osobn\u00edmi \u00fadaji, kontaktujte n\u00e1s pros\u00edm na adrese:<\/p>\n\n<p><strong>E-mail:<\/strong> info@120db.me<\/p>\n","protected":false},"excerpt":{"rendered":"<p>Datum \u00fa\u010dinnosti: 09.10.2024 Spole\u010dnost 120db.me (d\u00e1le jen &#8222;my&#8220;, &#8222;na\u0161e&#8220;, &#8222;n\u00e1s&#8220;) respektuje va\u0161e soukrom\u00ed a zavazuje se chr\u00e1nit osobn\u00ed \u00fadaje, kter\u00e9 s n\u00e1mi sd\u00edl\u00edte prost\u0159ednictv\u00edm na\u0161ich webov\u00fdch str\u00e1nek 120db.me. Tyto z\u00e1sady ochrany osobn\u00edch \u00fadaj\u016f vysv\u011btluj\u00ed, jak shroma\u017e\u010fujeme, pou\u017e\u00edv\u00e1me a chr\u00e1n\u00edme va\u0161e \u00fadaje. Pou\u017e\u00edv\u00e1n\u00edm t\u011bchto webov\u00fdch str\u00e1nek souhlas\u00edte s postupy popsan\u00fdmi v t\u011bchto Z\u00e1sad\u00e1ch ochrany osobn\u00edch \u00fadaj\u016f. [&hellip;]<\/p>\n","protected":false},"author":1,"featured_media":0,"parent":0,"menu_order":0,"comment_status":"closed","ping_status":"open","template":"","meta":{"_acf_changed":false,"footnotes":""},"class_list":["post-379","page","type-page","status-publish","hentry"],"blocksy_meta":[],"acf":[],"_links":{"self":[{"href":"https:\/\/120db.me\/cs\/wp-json\/wp\/v2\/pages\/379","targetHints":{"allow":["GET"]}}],"collection":[{"href":"https:\/\/120db.me\/cs\/wp-json\/wp\/v2\/pages"}],"about":[{"href":"https:\/\/120db.me\/cs\/wp-json\/wp\/v2\/types\/page"}],"author":[{"embeddable":true,"href":"https:\/\/120db.me\/cs\/wp-json\/wp\/v2\/users\/1"}],"replies":[{"embeddable":true,"href":"https:\/\/120db.me\/cs\/wp-json\/wp\/v2\/comments?post=379"}],"version-history":[{"count":1,"href":"https:\/\/120db.me\/cs\/wp-json\/wp\/v2\/pages\/379\/revisions"}],"predecessor-version":[{"id":380,"href":"https:\/\/120db.me\/cs\/wp-json\/wp\/v2\/pages\/379\/revisions\/380"}],"wp:attachment":[{"href":"https:\/\/120db.me\/cs\/wp-json\/wp\/v2\/media?parent=379"}],"curies":[{"name":"wp","href":"https:\/\/api.w.org\/{rel}","templated":true}]}}