{"id":375,"date":"2024-10-09T10:28:08","date_gmt":"2024-10-09T10:28:08","guid":{"rendered":"https:\/\/120db.me\/odmitnuti-odpovednosti\/"},"modified":"2024-10-09T10:29:23","modified_gmt":"2024-10-09T10:29:23","slug":"odmitnuti-odpovednosti","status":"publish","type":"page","link":"https:\/\/120db.me\/cs\/odmitnuti-odpovednosti\/","title":{"rendered":"Odm\u00edtnut\u00ed odpov\u011bdnosti"},"content":{"rendered":"\n<p><strong>UPOZORN\u011aN\u00cd<\/strong><\/p>\n\n<p>P\u0159e\u010dt\u011bte si pros\u00edm n\u00ed\u017ee uveden\u00e9 prohl\u00e1\u0161en\u00ed o vylou\u010den\u00ed odpov\u011bdnosti, kter\u00e9 je pr\u00e1vn\u011b z\u00e1vazn\u00e9. N\u00e1v\u0161t\u011bvou, prohl\u00ed\u017een\u00edm nebo pou\u017e\u00edv\u00e1n\u00edm t\u011bchto webov\u00fdch str\u00e1nek a\/nebo pou\u017e\u00edv\u00e1n\u00edm jak\u00e9hokoli programu, produktu, kurzu nebo slu\u017eby od n\u00e1s souhlas\u00edte s t\u00edm, \u017ee budete v\u00e1z\u00e1ni t\u00edmto Prohl\u00e1\u0161en\u00edm o vylou\u010den\u00ed odpov\u011bdnosti, na\u0161imi Z\u00e1sadami ochrany osobn\u00edch \u00fadaj\u016f a na\u0161imi Smluvn\u00edmi podm\u00ednkami. <\/p>\n\n<hr class=\"wp-block-separator has-alpha-channel-opacity\"\/>\n\n<p><strong>Z\u0159eknut\u00ed se odpov\u011bdnosti: \u017d\u00e1dn\u00e9 progn\u00f3zy v\u00fdnos\u016f ani sliby<\/strong><\/p>\n\n<p>Berete na v\u011bdom\u00ed a souhlas\u00edte s t\u00edm, \u017ee jsme v\u00e1m neposkytli \u017e\u00e1dn\u00e9 d\u016fsledky, z\u00e1ruky, sliby, n\u00e1vrhy, projekce, prohl\u00e1\u0161en\u00ed nebo z\u00e1ruky ohledn\u011b budouc\u00edch vyhl\u00eddek nebo v\u00fdd\u011blk\u016f, ani \u017ee vyd\u011bl\u00e1te n\u011bjak\u00e9 pen\u00edze s ohledem na v\u00e1\u0161 n\u00e1kup produkt\u016f 120db.me, a \u017ee jsme neschv\u00e1lili \u017e\u00e1dn\u00e9 takov\u00e9 projekce, sliby nebo prohl\u00e1\u0161en\u00ed jin\u00fdch osob.<\/p>\n\n<p>Neneseme odpov\u011bdnost za p\u0159\u00edpadn\u00e9 ztr\u00e1ty nebo \u0161kody, kter\u00e9 v\u00e1m mohou vzniknout.<\/p>\n\n<p>Berete na v\u011bdom\u00ed, \u017ee produkty 120db.me nejsou finan\u010dn\u00edm poradenstv\u00edm. Ve\u0161ker\u00fd obsah na webov\u00fdch str\u00e1nk\u00e1ch a v kurzech\/dopl\u0148kov\u00fdch zdroj\u00edch vyjad\u0159uje v\u00fdhradn\u011b n\u00e1zor. Za rizika, kter\u00e1 podstupujete, jste odpov\u011bdn\u00ed pouze vy sami a 120db.me nenese odpov\u011bdnost za v\u00e1\u0161 v\u00fdsledek. Informace uveden\u00e9 na webov\u00fdch str\u00e1nk\u00e1ch a v t\u011bchto vide\u00edch slou\u017e\u00ed pouze pro obecn\u00e9 \u00fa\u010dely a nem\u011bly by b\u00fdt pova\u017eov\u00e1ny za odborn\u00e9 poradenstv\u00ed.   <\/p>\n\n<p>S burzou a dropshippingem jsou spojena ur\u010dit\u00e1 rizika, co\u017e znamen\u00e1, \u017ee spot\u0159ebitel\u00e9 by nem\u011bli jednat na z\u00e1klad\u011b obsahu nebo informac\u00ed, kter\u00e9 zde naleznou, ani\u017e by se nejprve poradili s \u00fa\u010detn\u00edm, finan\u010dn\u00edm pl\u00e1nova\u010dem, pr\u00e1vn\u00edkem nebo jin\u00fdm odborn\u00edkem.<\/p>\n\n<p>120db.me neodpov\u00edd\u00e1 za \u017e\u00e1dn\u00e9 ztr\u00e1ty vznikl\u00e9 v d\u016fsledku pou\u017e\u00edv\u00e1n\u00ed nebo spol\u00e9h\u00e1n\u00ed se na informace poskytovan\u00e9 na t\u011bchto webov\u00fdch str\u00e1nk\u00e1ch.<\/p>\n\n<hr class=\"wp-block-separator has-alpha-channel-opacity\"\/>\n\n<p><strong>OBECN\u00c9 Z\u0158EKNUT\u00cd SE ODPOV\u011aDNOSTI<\/strong><\/p>\n\n<p>Obsah kurz\u016f a t\u011bchto webov\u00fdch str\u00e1nek je v\u00e1m poskytov\u00e1n &#8222;tak, jak je&#8220;, a m\u00e1 slou\u017eit jako obecn\u00e1 informace. P\u0159esto\u017ee se sna\u017e\u00edme poskytovat v\u00e1m kvalitn\u00ed obsah, neposkytujeme \u017e\u00e1dn\u00e9 z\u00e1ruky, \u017ee obsah je p\u0159esn\u00fd, \u00fapln\u00fd, aktualizovan\u00fd, v\u010dasn\u00fd, relevantn\u00ed nebo \u017ee neobsahuje typografick\u00e9, technick\u00e9, informa\u010dn\u00ed nebo cenov\u00e9 chyby a opomenut\u00ed, a\u0165 u\u017e z nedbalosti nebo z jin\u00e9ho d\u016fvodu. Informace sd\u00edlen\u00e9 v jednotliv\u00fdch kurzech jsou pouze obecn\u00e9 informace od autora, NE finan\u010dn\u00ed poradenstv\u00ed. Informace, kter\u00e9 autorka sd\u00edl\u00ed v ka\u017ed\u00e9m kurzu, jsou pouze jej\u00edm vlastn\u00edm n\u00e1zorem a osobn\u00edm pohledem. Pou\u017e\u00edv\u00e1n\u00edm t\u011bchto webov\u00fdch str\u00e1nek nebo jak\u00fdchkoli kurz\u016f souhlas\u00edte a berete na v\u011bdom\u00ed, \u017ee pou\u017e\u00edv\u00e1n\u00ed t\u011bchto webov\u00fdch str\u00e1nek a vyu\u017e\u00edv\u00e1n\u00ed jak\u00fdchkoli kurz\u016f je v\u00fdhradn\u011b na va\u0161e vlastn\u00ed riziko.    <\/p>\n\n<hr class=\"wp-block-separator has-alpha-channel-opacity\"\/>\n\n<p><strong>VA\u0160E ODPOV\u011aDNOST<\/strong><\/p>\n\n<p>Je va\u0161\u00ed odpov\u011bdnost\u00ed podniknout v\u0161echny nezbytn\u00e9 kroky k nez\u00e1visl\u00e9mu ov\u011b\u0159en\u00ed a uji\u0161t\u011bn\u00ed se, \u017ee ve\u0161ker\u00e9 informace, na kter\u00e9 se rozhodnete spol\u00e9hat, kter\u00e9 z\u00edsk\u00e1te z t\u011bchto webov\u00fdch str\u00e1nek nebo na\u0161ich produkt\u016f, k nim\u017e z\u00edsk\u00e1te p\u0159\u00edstup nebo na jejich z\u00e1klad\u011b podniknete n\u011bjak\u00e9 kroky, jsou p\u0159esn\u00e9, proto\u017ee neneseme odpov\u011bdnost za pou\u017eit\u00ed informac\u00ed z\u00edskan\u00fdch z t\u011bchto webov\u00fdch str\u00e1nek nebo na\u0161ich produkt\u016f nebo k nim\u017e z\u00edsk\u00e1te p\u0159\u00edstup jejich prost\u0159ednictv\u00edm. Jak\u00e9koli n\u00e1zory vyj\u00e1d\u0159en\u00e9 na t\u011bchto webov\u00fdch str\u00e1nk\u00e1ch jsou v\u00fdhradn\u011b osobn\u00edmi n\u00e1zory autora a neodr\u00e1\u017eej\u00ed n\u00e1zor spole\u010dnosti. <\/p>\n\n<hr class=\"wp-block-separator has-alpha-channel-opacity\"\/>\n\n<p><strong>V\u00c1\u0160 \u00daSP\u011aCH NEBO JEHO NEDOSTATEK<\/strong><\/p>\n\n<p>V\u00e1\u0161 \u00fasp\u011bch p\u0159i pou\u017e\u00edv\u00e1n\u00ed informac\u00ed nebo strategi\u00ed poskytovan\u00fdch na 120db.me z\u00e1vis\u00ed na mnoha faktorech, kter\u00e9 nem\u016f\u017eeme ovlivnit. Nem\u016f\u017eeme v\u011bd\u011bt, jak dob\u0159e si povedete, proto\u017ee v\u00e1s nezn\u00e1me. Proto nezaru\u010dujeme, \u017ee pomoc\u00ed informac\u00ed uveden\u00fdch na t\u011bchto webov\u00fdch str\u00e1nk\u00e1ch nebo v dopl\u0148kov\u00fdch materi\u00e1lech, jako jsou kurzy, vyd\u011bl\u00e1te pen\u00edze nebo dos\u00e1hnete n\u011bjak\u00fdch v\u00fdsledk\u016f.  <\/p>\n\n<hr class=\"wp-block-separator has-alpha-channel-opacity\"\/>\n\n<p><strong>Z\u0158EKNUT\u00cd SE ODPOV\u011aDNOSTI U POBO\u010cEK<\/strong><\/p>\n\n<p>Tyto webov\u00e9 str\u00e1nky mohou obsahovat odkazy na partnersk\u00e9 webov\u00e9 str\u00e1nky. Pokud kliknete na partnersk\u00fd odkaz um\u00edst\u011bn\u00fd na na\u0161ich webov\u00fdch str\u00e1nk\u00e1ch a\/nebo na n\u011bm provedete n\u00e1kup, m\u016f\u017eeme obdr\u017eet malou provizi nebo jinou formu kompenzace bez dal\u0161\u00edch n\u00e1klad\u016f. <\/p>\n\n<hr class=\"wp-block-separator has-alpha-channel-opacity\"\/>\n\n<p><strong>ZM\u011aNY PROHL\u00c1\u0160EN\u00cd O VYLOU\u010cEN\u00cd ODPOV\u011aDNOSTI<\/strong><\/p>\n\n<p>Vyhrazujeme si pr\u00e1vo toto Prohl\u00e1\u0161en\u00ed o vylou\u010den\u00ed odpov\u011bdnosti kdykoli zm\u011bnit, ani\u017e bychom v\u00e1s o tom informovali. Na ve\u0161ker\u00e9 zm\u011bny v\u00e1s upozorn\u00edme zve\u0159ejn\u011bn\u00edm data \u00fa\u010dinnosti nejnov\u011bj\u0161\u00ed verze v horn\u00ed \u010d\u00e1sti t\u00e9to str\u00e1nky, kdy ve\u0161ker\u00e9 zm\u011bny okam\u017eit\u011b vstoup\u00ed v platnost. Je va\u0161\u00ed povinnost\u00ed kontrolovat aktualizace, proto\u017ee va\u0161e dal\u0161\u00ed pou\u017e\u00edv\u00e1n\u00ed webov\u00fdch str\u00e1nek a na\u0161ich produkt\u016f po zm\u011bn\u011b tohoto Prohl\u00e1\u0161en\u00ed o vylou\u010den\u00ed odpov\u011bdnosti bude znamenat v\u00e1\u0161 souhlas s t\u00edmto Prohl\u00e1\u0161en\u00edm o vylou\u010den\u00ed odpov\u011bdnosti v platn\u00e9m zn\u011bn\u00ed.  <\/p>\n\n<p>Nep\u0159eb\u00edr\u00e1me \u017e\u00e1dnou odpov\u011bdnost za jak\u00e9koli ztr\u00e1ty nebo \u0161kody vznikl\u00e9 v d\u016fsledku pou\u017eit\u00ed jak\u00e9hokoli odkazu, informace nebo p\u0159\u00edle\u017eitosti obsa\u017een\u00e9 na webov\u00fdch str\u00e1nk\u00e1ch, v kurzech nebo v r\u00e1mci jak\u00fdchkoli informac\u00ed zve\u0159ejn\u011bn\u00fdch vlastn\u00edkem t\u011bchto str\u00e1nek v jak\u00e9koli form\u011b.<\/p>\n\n<hr class=\"wp-block-separator has-alpha-channel-opacity\"\/>\n\n<p><strong>D\u016eLE\u017dIT\u00c1 D\u016eLE\u017dITOST<\/strong><\/p>\n\n<p>Doporu\u010dujeme v\u00e1m, abyste si p\u0159i rozhodov\u00e1n\u00ed o investic\u00edch a zakl\u00e1d\u00e1n\u00ed podniku ud\u011blali vlastn\u00ed prov\u011brku. Ne\u017e za\u010dnete jednat na z\u00e1klad\u011b t\u011bchto nebo jin\u00fdch informac\u00ed, m\u011bli byste se poradit se sv\u00fdm \u00fa\u010detn\u00edm, pr\u00e1vn\u00edkem nebo odborn\u00fdm poradcem. \u017d\u00e1dn\u00e9 p\u0159\u00edklady, dokumenty ani jin\u00fd obsah na t\u011bchto webov\u00fdch str\u00e1nk\u00e1ch nebo jinak n\u00e1mi poskytnut\u00fd nesm\u00edte pova\u017eovat za ekvivalent odborn\u00e9ho poradenstv\u00ed. Nic z toho, co je obsa\u017eeno na webov\u00fdch str\u00e1nk\u00e1ch nebo v materi\u00e1lech dostupn\u00fdch k prodeji nebo ke sta\u017een\u00ed na webov\u00fdch str\u00e1nk\u00e1ch, neposkytuje v \u017e\u00e1dn\u00e9m p\u0159\u00edpad\u011b odborn\u00e9 poradenstv\u00ed.   <\/p>\n\n<hr class=\"wp-block-separator has-alpha-channel-opacity\"\/>\n\n<p><strong>SOUHLASNOST<\/strong><\/p>\n\n<p>P\u0159i jednom n\u00e1kupu m\u016f\u017ee m\u00edt p\u0159\u00edstup ke kurzu pouze jedna osoba. Pokud bude u\u017eivatel vid\u011bn, jak umo\u017e\u0148uje jin\u00fdm osob\u00e1m pou\u017e\u00edvat sv\u016fj \u00fa\u010det k p\u0159\u00edstupu do kurzu, bude z kurzu bez n\u00e1hrady odstran\u011bn. Tyto informace nesm\u00edte sd\u00edlet s jin\u00fdmi osobami, kter\u00e9 nejsou do kurzu p\u0159ihl\u00e1\u0161eny. Pokud budete p\u0159isti\u017eeni p\u0159i nahr\u00e1v\u00e1n\u00ed t\u011bchto vide\u00ed nebo sd\u00edlen\u00ed informac\u00ed kdekoli jinde, budete odstran\u011bni bez n\u00e1hrady.   <\/p>\n\n<p>Tato str\u00e1nka nen\u00ed sou\u010d\u00e1st\u00ed webov\u00fdch str\u00e1nek spole\u010dnosti Facebook ani spole\u010dnosti Facebook Inc. Krom\u011b toho tato str\u00e1nka NEN\u00cd \u017e\u00e1dn\u00fdm zp\u016fsobem podporov\u00e1na spole\u010dnost\u00ed Facebook. FACEBOOK je ochrann\u00e1 zn\u00e1mka spole\u010dnosti FACEBOOK, Inc.  <\/p>\n\n<hr class=\"wp-block-separator has-alpha-channel-opacity\"\/>\n\n<p><strong>Z\u0158EKNUT\u00cd SE ODPOV\u011aDNOSTI<\/strong><\/p>\n\n<p>Uv\u011bdomte si pros\u00edm, \u017ee v\u00fdsledky student\u016f zobrazen\u00e9 na na\u0161ich str\u00e1nk\u00e1ch nejsou typick\u00e9. Nenazna\u010dujeme, \u017ee je budete kop\u00edrovat, nebo \u017ee budete d\u011blat cokoli jin\u00e9ho. Pr\u016fm\u011brn\u00fd \u010dlov\u011bk, kter\u00fd si koup\u00ed jak\u00e9koli informace &#8222;jak na to&#8220;, dos\u00e1hne jen mal\u00fdch nebo \u017e\u00e1dn\u00fdch v\u00fdsledk\u016f. Tyto odkazy pou\u017e\u00edv\u00e1me pouze pro p\u0159\u00edklad.   <\/p>\n","protected":false},"excerpt":{"rendered":"<p>UPOZORN\u011aN\u00cd P\u0159e\u010dt\u011bte si pros\u00edm n\u00ed\u017ee uveden\u00e9 prohl\u00e1\u0161en\u00ed o vylou\u010den\u00ed odpov\u011bdnosti, kter\u00e9 je pr\u00e1vn\u011b z\u00e1vazn\u00e9. N\u00e1v\u0161t\u011bvou, prohl\u00ed\u017een\u00edm nebo pou\u017e\u00edv\u00e1n\u00edm t\u011bchto webov\u00fdch str\u00e1nek a\/nebo pou\u017e\u00edv\u00e1n\u00edm jak\u00e9hokoli programu, produktu, kurzu nebo slu\u017eby od n\u00e1s souhlas\u00edte s t\u00edm, \u017ee budete v\u00e1z\u00e1ni t\u00edmto Prohl\u00e1\u0161en\u00edm o vylou\u010den\u00ed odpov\u011bdnosti, na\u0161imi Z\u00e1sadami ochrany osobn\u00edch \u00fadaj\u016f a na\u0161imi Smluvn\u00edmi podm\u00ednkami. Z\u0159eknut\u00ed se odpov\u011bdnosti: \u017d\u00e1dn\u00e9 [&hellip;]<\/p>\n","protected":false},"author":1,"featured_media":0,"parent":0,"menu_order":0,"comment_status":"closed","ping_status":"closed","template":"","meta":{"_acf_changed":false,"footnotes":""},"class_list":["post-375","page","type-page","status-publish","hentry"],"blocksy_meta":[],"acf":[],"_links":{"self":[{"href":"https:\/\/120db.me\/cs\/wp-json\/wp\/v2\/pages\/375","targetHints":{"allow":["GET"]}}],"collection":[{"href":"https:\/\/120db.me\/cs\/wp-json\/wp\/v2\/pages"}],"about":[{"href":"https:\/\/120db.me\/cs\/wp-json\/wp\/v2\/types\/page"}],"author":[{"embeddable":true,"href":"https:\/\/120db.me\/cs\/wp-json\/wp\/v2\/users\/1"}],"replies":[{"embeddable":true,"href":"https:\/\/120db.me\/cs\/wp-json\/wp\/v2\/comments?post=375"}],"version-history":[{"count":1,"href":"https:\/\/120db.me\/cs\/wp-json\/wp\/v2\/pages\/375\/revisions"}],"predecessor-version":[{"id":376,"href":"https:\/\/120db.me\/cs\/wp-json\/wp\/v2\/pages\/375\/revisions\/376"}],"wp:attachment":[{"href":"https:\/\/120db.me\/cs\/wp-json\/wp\/v2\/media?parent=375"}],"curies":[{"name":"wp","href":"https:\/\/api.w.org\/{rel}","templated":true}]}}