{"id":294,"date":"2024-09-24T03:26:33","date_gmt":"2024-09-24T03:26:33","guid":{"rendered":"https:\/\/120db.me\/home\/"},"modified":"2024-10-11T06:18:16","modified_gmt":"2024-10-11T06:18:16","slug":"home","status":"publish","type":"page","link":"https:\/\/120db.me\/cs\/","title":{"rendered":"Home"},"content":{"rendered":"\t\t<div data-elementor-type=\"wp-page\" data-elementor-id=\"294\" class=\"elementor elementor-294 elementor-13\" data-elementor-settings=\"{&quot;element_pack_global_tooltip_width&quot;:{&quot;unit&quot;:&quot;px&quot;,&quot;size&quot;:&quot;&quot;,&quot;sizes&quot;:[]},&quot;element_pack_global_tooltip_width_tablet&quot;:{&quot;unit&quot;:&quot;px&quot;,&quot;size&quot;:&quot;&quot;,&quot;sizes&quot;:[]},&quot;element_pack_global_tooltip_width_mobile&quot;:{&quot;unit&quot;:&quot;px&quot;,&quot;size&quot;:&quot;&quot;,&quot;sizes&quot;:[]},&quot;element_pack_global_tooltip_padding&quot;:{&quot;unit&quot;:&quot;px&quot;,&quot;top&quot;:&quot;&quot;,&quot;right&quot;:&quot;&quot;,&quot;bottom&quot;:&quot;&quot;,&quot;left&quot;:&quot;&quot;,&quot;isLinked&quot;:true},&quot;element_pack_global_tooltip_padding_tablet&quot;:{&quot;unit&quot;:&quot;px&quot;,&quot;top&quot;:&quot;&quot;,&quot;right&quot;:&quot;&quot;,&quot;bottom&quot;:&quot;&quot;,&quot;left&quot;:&quot;&quot;,&quot;isLinked&quot;:true},&quot;element_pack_global_tooltip_padding_mobile&quot;:{&quot;unit&quot;:&quot;px&quot;,&quot;top&quot;:&quot;&quot;,&quot;right&quot;:&quot;&quot;,&quot;bottom&quot;:&quot;&quot;,&quot;left&quot;:&quot;&quot;,&quot;isLinked&quot;:true},&quot;element_pack_global_tooltip_border_radius&quot;:{&quot;unit&quot;:&quot;px&quot;,&quot;top&quot;:&quot;&quot;,&quot;right&quot;:&quot;&quot;,&quot;bottom&quot;:&quot;&quot;,&quot;left&quot;:&quot;&quot;,&quot;isLinked&quot;:true},&quot;element_pack_global_tooltip_border_radius_tablet&quot;:{&quot;unit&quot;:&quot;px&quot;,&quot;top&quot;:&quot;&quot;,&quot;right&quot;:&quot;&quot;,&quot;bottom&quot;:&quot;&quot;,&quot;left&quot;:&quot;&quot;,&quot;isLinked&quot;:true},&quot;element_pack_global_tooltip_border_radius_mobile&quot;:{&quot;unit&quot;:&quot;px&quot;,&quot;top&quot;:&quot;&quot;,&quot;right&quot;:&quot;&quot;,&quot;bottom&quot;:&quot;&quot;,&quot;left&quot;:&quot;&quot;,&quot;isLinked&quot;:true}}\" data-elementor-post-type=\"page\">\n\t\t\t\t<div data-particle_enable=\"false\" data-particle-mobile-disabled=\"false\" class=\"elementor-element elementor-element-b873440 e-flex e-con-boxed e-con e-parent\" data-id=\"b873440\" data-element_type=\"container\" data-e-type=\"container\" data-settings=\"{&quot;background_background&quot;:&quot;gradient&quot;,&quot;shape_divider_bottom&quot;:&quot;mountains&quot;}\">\n\t\t\t\t\t<div class=\"e-con-inner\">\n\t\t\t\t<div class=\"elementor-shape elementor-shape-bottom\" aria-hidden=\"true\" data-negative=\"false\">\n\t\t\t<svg xmlns=\"http:\/\/www.w3.org\/2000\/svg\" viewBox=\"0 0 1000 100\" preserveAspectRatio=\"none\">\n\t<path class=\"elementor-shape-fill\" opacity=\"0.33\" d=\"M473,67.3c-203.9,88.3-263.1-34-320.3,0C66,119.1,0,59.7,0,59.7V0h1000v59.7 c0,0-62.1,26.1-94.9,29.3c-32.8,3.3-62.8-12.3-75.8-22.1C806,49.6,745.3,8.7,694.9,4.7S492.4,59,473,67.3z\"\/>\n\t<path class=\"elementor-shape-fill\" opacity=\"0.66\" d=\"M734,67.3c-45.5,0-77.2-23.2-129.1-39.1c-28.6-8.7-150.3-10.1-254,39.1 s-91.7-34.4-149.2,0C115.7,118.3,0,39.8,0,39.8V0h1000v36.5c0,0-28.2-18.5-92.1-18.5C810.2,18.1,775.7,67.3,734,67.3z\"\/>\n\t<path class=\"elementor-shape-fill\" d=\"M766.1,28.9c-200-57.5-266,65.5-395.1,19.5C242,1.8,242,5.4,184.8,20.6C128,35.8,132.3,44.9,89.9,52.5C28.6,63.7,0,0,0,0 h1000c0,0-9.9,40.9-83.6,48.1S829.6,47,766.1,28.9z\"\/>\n<\/svg>\t\t<\/div>\n\t\t\t\t<div class=\"elementor-element elementor-element-1832386 elementor-widget elementor-widget-heading\" data-id=\"1832386\" data-element_type=\"widget\" data-e-type=\"widget\" data-widget_type=\"heading.default\">\n\t\t\t\t<div class=\"elementor-widget-container\">\n\t\t\t\t\t<h1 class=\"elementor-heading-title elementor-size-default\">V\u00edtejte na 120db.me - kde je hlasitost v\u017edy vy\u0161\u0161\u00ed!<\/h1>\t\t\t\t<\/div>\n\t\t\t\t<\/div>\n\t\t\t\t<div class=\"elementor-element elementor-element-a8b5c6f elementor-widget elementor-widget-text-editor\" data-id=\"a8b5c6f\" data-element_type=\"widget\" data-e-type=\"widget\" data-widget_type=\"text-editor.default\">\n\t\t\t\t<div class=\"elementor-widget-container\">\n\t\t\t\t\t\t\t\t\t<p>Zaj\u00edmalo v\u00e1s n\u011bkdy, co znamen\u00e1 120 dB? Je to nejhlasit\u011bj\u0161\u00ed zvuk, kter\u00fd lidsk\u00e9 ucho zvl\u00e1dne &#8211; a to je p\u0159esn\u011b ten druh zvuku, kter\u00fdm chceme ovlivnit va\u0161i ka\u017edodenn\u00ed rutinu! Na 120db.me jsme tu, abychom ot\u0159\u00e1sli technologick\u00fdmi tipy, ka\u017edodenn\u00edmi hacky a v\u0161\u00edm, co pot\u0159ebujete, aby byl v\u00e1\u0161 \u017eivot jednodu\u0161\u0161\u00ed, chyt\u0159ej\u0161\u00ed a z\u00e1bavn\u011bj\u0161\u00ed. A\u0165 u\u017e hled\u00e1te nejnov\u011bj\u0161\u00ed technologick\u00e9 novinky, nebo rychl\u00e9 n\u00e1vody, kter\u00e9 v\u00e1m usnadn\u00ed den, m\u00e1me pro v\u00e1s v\u0161e.   <\/p>\n<p><strong>P\u0159ipravte se na to, \u017ee se nalad\u00edte na nejhlasit\u011bj\u0161\u00ed my\u0161lenky \u017eivota &#8211; bez v\u0161eho toho hluku!<\/strong><\/p>\n\t\t\t\t\t\t\t\t<\/div>\n\t\t\t\t<\/div>\n\t\t\t\t\t<\/div>\n\t\t\t\t<\/div>\n\t\t<div data-particle_enable=\"false\" data-particle-mobile-disabled=\"false\" class=\"elementor-element elementor-element-d2377e1 e-flex e-con-boxed e-con e-parent\" data-id=\"d2377e1\" data-element_type=\"container\" data-e-type=\"container\">\n\t\t\t\t\t<div class=\"e-con-inner\">\n\t\t\t\t<div class=\"elementor-element elementor-element-1352b46 elementor-widget elementor-widget-image\" data-id=\"1352b46\" data-element_type=\"widget\" data-e-type=\"widget\" data-settings=\"{&quot;motion_fx_motion_fx_mouse&quot;:&quot;yes&quot;,&quot;motion_fx_tilt_effect&quot;:&quot;yes&quot;,&quot;_animation&quot;:&quot;none&quot;,&quot;motion_fx_tilt_speed&quot;:{&quot;unit&quot;:&quot;px&quot;,&quot;size&quot;:4,&quot;sizes&quot;:[]}}\" data-widget_type=\"image.default\">\n\t\t\t\t<div class=\"elementor-widget-container\">\n\t\t\t\t\t\t\t\t\t\t\t\t\t\t\t<img fetchpriority=\"high\" decoding=\"async\" width=\"1024\" height=\"683\" src=\"https:\/\/120db.me\/wp-content\/uploads\/2024\/09\/main120dbimage-1024x683.png\" class=\"attachment-large size-large wp-image-85\" alt=\"\" srcset=\"https:\/\/120db.me\/wp-content\/uploads\/2024\/09\/main120dbimage-1024x683.png 1024w, https:\/\/120db.me\/wp-content\/uploads\/2024\/09\/main120dbimage-600x400.png 600w, https:\/\/120db.me\/wp-content\/uploads\/2024\/09\/main120dbimage-300x200.png 300w, https:\/\/120db.me\/wp-content\/uploads\/2024\/09\/main120dbimage-768x512.png 768w, https:\/\/120db.me\/wp-content\/uploads\/2024\/09\/main120dbimage-1536x1024.png 1536w, https:\/\/120db.me\/wp-content\/uploads\/2024\/09\/main120dbimage.png 1920w\" sizes=\"(max-width: 1024px) 100vw, 1024px\" \/>\t\t\t\t\t\t\t\t\t\t\t\t\t\t\t<\/div>\n\t\t\t\t<\/div>\n\t\t\t\t<div class=\"elementor-element elementor-element-5c1ba1a elementor-widget elementor-widget-spacer\" data-id=\"5c1ba1a\" data-element_type=\"widget\" data-e-type=\"widget\" data-widget_type=\"spacer.default\">\n\t\t\t\t<div class=\"elementor-widget-container\">\n\t\t\t\t\t\t\t<div class=\"elementor-spacer\">\n\t\t\t<div class=\"elementor-spacer-inner\"><\/div>\n\t\t<\/div>\n\t\t\t\t\t\t<\/div>\n\t\t\t\t<\/div>\n\t\t\t\t\t<\/div>\n\t\t\t\t<\/div>\n\t\t<div data-particle_enable=\"false\" data-particle-mobile-disabled=\"false\" class=\"elementor-element elementor-element-9fbbbf0 e-flex e-con-boxed e-con e-parent\" data-id=\"9fbbbf0\" data-element_type=\"container\" data-e-type=\"container\">\n\t\t\t\t\t<div class=\"e-con-inner\">\n\t\t\t\t<div class=\"elementor-element elementor-element-73a5fd3 elementor-widget elementor-widget-heading\" data-id=\"73a5fd3\" data-element_type=\"widget\" data-e-type=\"widget\" data-widget_type=\"heading.default\">\n\t\t\t\t<div class=\"elementor-widget-container\">\n\t\t\t\t\t<h3 class=\"elementor-heading-title elementor-size-default\">Z na\u0161eho blogu<\/h3>\t\t\t\t<\/div>\n\t\t\t\t<\/div>\n\t\t\t\t<div class=\"elementor-element elementor-element-2fd50d9 elementor-widget elementor-widget-bdt-post-grid\" data-id=\"2fd50d9\" data-element_type=\"widget\" data-e-type=\"widget\" data-settings=\"{&quot;secondary_columns&quot;:&quot;3&quot;,&quot;secondary_columns_tablet&quot;:&quot;3&quot;,&quot;secondary_columns_mobile&quot;:&quot;1&quot;}\" data-widget_type=\"bdt-post-grid.default\">\n\t\t\t\t<div class=\"elementor-widget-container\">\n\t\t\t\t\t\t\t<div id=\"bdt-post-grid-2fd50d9\" class=\"bdt-post-grid bdt-post-grid-skin-default\" data-settings=\"{&quot;posts_source&quot;:&quot;post&quot;,&quot;posts_per_page&quot;:5,&quot;ajax_item_load&quot;:3,&quot;posts_select_date&quot;:&quot;anytime&quot;,&quot;posts_orderby&quot;:&quot;date&quot;,&quot;posts_order&quot;:&quot;desc&quot;,&quot;posts_ignore_sticky_posts&quot;:&quot;yes&quot;,&quot;paged&quot;:1,&quot;nonce&quot;:&quot;7be8a03399&quot;,&quot;loadedPostsIds&quot;:[617,534,521,511,417]}\">\n\t\t\t<div class=\"bdt-grid bdt-grid-small\" data-bdt-grid>\n\n\t\t\t\t\n\t\t\t\t\t<div class=\" bdt-width-1-2@s bdt-primary\">\n\t\t\t\t\t\t\t\t<div class=\"bdt-post-grid-item bdt-transition-toggle bdt-position-relative\">\n\n\t\t\t<div class=\"bdt-post-grid-img-wrap bdt-overflow-hidden\">\n\t\t\t\t<a href=\"https:\/\/120db.me\/cs\/the-story-of-a-postal-letter\/\" class=\"bdt-transition-scale-up bdt-background-cover bdt-transition-opaque bdt-flex\" title=\"P\u0158\u00cdB\u011aH PO\u0160TOVN\u00cdHO DOPISU\" style=\"background-image: url(https:\/\/120db.me\/wp-content\/uploads\/2025\/10\/louder.webp)\">\n  \t\t\t\t<\/a>\n\t\t\t<\/div>\n\t\t\t<div class=\"bdt-custom-overlay bdt-position-cover\"><\/div>\n\n\t\t\t<div class=\"bdt-post-grid-desc bdt-position-medium bdt-position-bottom-left\">\n\n\t\t\t\t<h2 class=\"bdt-post-grid-title\">\n\t\t\t\t<a href=\"https:\/\/120db.me\/cs\/the-story-of-a-postal-letter\/\" class=\"bdt-post-grid-link\" title=\"P\u0158\u00cdB\u011aH PO\u0160TOVN\u00cdHO DOPISU\">\n\t\t\t\t\tP\u0158\u00cdB\u011aH PO\u0160TOVN\u00cdHO DOPISU\n\t\t\t\t<\/a>\n\t\t\t<\/h2>\n\t\t\t\t\t\t\t\t\t<div class=\"bdt-post-grid-meta bdt-subnav bdt-flex-inline bdt-flex-middle\">\n\t\t\t\t\t\t<span class=\"bdt-post-grid-author\"><a href=\"https:\/\/120db.me\/cs\/author\/dgharaibehgmail-com\/\">dgharaibeh@gmail.com<\/a><\/span>\t\t\t\t\t\t<span class=\"bdt-post-grid-date\">21 \u0159\u00edjna, 2025<\/span>\t\t\t\t\t\t<div class=\"bdt-post-grid-comments bdt-inline-block\"><span><i class=\"ep-icon-bubble\" aria-hidden=\"true\"><\/i> 0<\/span><\/div>\t\t\t\t\t\t\t\t\t\t\t<\/div>\n\t\t\t\t\n\t\t\t\t\t\t\t\t\n\t\t\t<\/div>\n\n\t\t\t\t\t<div class=\"bdt-post-grid-category bdt-position-small bdt-position-top-left\">\n\n\t\t\t<a href=\"https:\/\/120db.me\/cs\/category\/change-cs\/\">Change<\/a>\t\t<\/div>\n\t\t\n\t\t<\/div>\n\t\t\t\t\t\t\t<\/div>\n\t\t\t\t\n\t\t\t\t\t<div class=\" bdt-width-1-2@s bdt-primary\">\n\t\t\t\t\t\t\t\t<div class=\"bdt-post-grid-item bdt-transition-toggle bdt-position-relative\">\n\n\t\t\t<div class=\"bdt-post-grid-img-wrap bdt-overflow-hidden\">\n\t\t\t\t<a href=\"https:\/\/120db.me\/cs\/sen-a-zmena-jak-se-nase-sny-vyvijeji-s-casem\/\" class=\"bdt-transition-scale-up bdt-background-cover bdt-transition-opaque bdt-flex\" title=\"Sen a zm\u011bna: Jak se na\u0161e sny vyv\u00edjej\u00ed s \u010dasem\" style=\"background-image: url(https:\/\/120db.me\/wp-content\/uploads\/2024\/10\/older-man-dreams.jpg)\">\n  \t\t\t\t<\/a>\n\t\t\t<\/div>\n\t\t\t<div class=\"bdt-custom-overlay bdt-position-cover\"><\/div>\n\n\t\t\t<div class=\"bdt-post-grid-desc bdt-position-medium bdt-position-bottom-left\">\n\n\t\t\t\t<h2 class=\"bdt-post-grid-title\">\n\t\t\t\t<a href=\"https:\/\/120db.me\/cs\/sen-a-zmena-jak-se-nase-sny-vyvijeji-s-casem\/\" class=\"bdt-post-grid-link\" title=\"Sen a zm\u011bna: Jak se na\u0161e sny vyv\u00edjej\u00ed s \u010dasem\">\n\t\t\t\t\tSen a zm\u011bna: Jak se na\u0161e sny vyv\u00edjej\u00ed s \u010dasem\n\t\t\t\t<\/a>\n\t\t\t<\/h2>\n\t\t\t\t\t\t\t\t\t<div class=\"bdt-post-grid-meta bdt-subnav bdt-flex-inline bdt-flex-middle\">\n\t\t\t\t\t\t<span class=\"bdt-post-grid-author\"><a href=\"https:\/\/120db.me\/cs\/author\/dgharaibehgmail-com\/\">dgharaibeh@gmail.com<\/a><\/span>\t\t\t\t\t\t<span class=\"bdt-post-grid-date\">19 \u0159\u00edjna, 2024<\/span>\t\t\t\t\t\t<div class=\"bdt-post-grid-comments bdt-inline-block\"><span><i class=\"ep-icon-bubble\" aria-hidden=\"true\"><\/i> 0<\/span><\/div>\t\t\t\t\t\t\t\t\t\t\t<\/div>\n\t\t\t\t\n\t\t\t\t\t\t\t\t\n\t\t\t<\/div>\n\n\t\t\t\t\t<div class=\"bdt-post-grid-category bdt-position-small bdt-position-top-left\">\n\n\t\t\t<a href=\"https:\/\/120db.me\/cs\/category\/zmena\/\">Zm\u011bna<\/a>\t\t<\/div>\n\t\t\n\t\t<\/div>\n\t\t\t\t\t\t\t<\/div>\n\t\t\t\t\n\t\t\t\t\t<div class=\" bdt-width-1-3@m bdt-width-1-3@s bdt-width-1-1 bdt-secondary\">\n\t\t\t\t\t\t\t\t<div class=\"bdt-post-grid-item bdt-transition-toggle bdt-position-relative\">\n\n\t\t\t<div class=\"bdt-post-grid-img-wrap bdt-overflow-hidden\">\n\t\t\t\t<a href=\"https:\/\/120db.me\/cs\/sila-malych-zmen-jak-drobne-upravy-vedou-k-velkym-vysledkum\/\" class=\"bdt-transition-scale-up bdt-background-cover bdt-transition-opaque bdt-flex\" title=\"S\u00edla mal\u00fdch zm\u011bn: Jak drobn\u00e9 \u00fapravy vedou k velk\u00fdm v\u00fdsledk\u016fm\" style=\"background-image: url(https:\/\/120db.me\/wp-content\/uploads\/2024\/10\/change-300x170.jpg)\">\n  \t\t\t\t<\/a>\n\t\t\t<\/div>\n\t\t\t<div class=\"bdt-custom-overlay bdt-position-cover\"><\/div>\n\n\t\t\t<div class=\"bdt-post-grid-desc bdt-position-medium bdt-position-bottom-left\">\n\n\t\t\t\t<h2 class=\"bdt-post-grid-title\">\n\t\t\t\t<a href=\"https:\/\/120db.me\/cs\/sila-malych-zmen-jak-drobne-upravy-vedou-k-velkym-vysledkum\/\" class=\"bdt-post-grid-link\" title=\"S\u00edla mal\u00fdch zm\u011bn: Jak drobn\u00e9 \u00fapravy vedou k velk\u00fdm v\u00fdsledk\u016fm\">\n\t\t\t\t\tS\u00edla mal\u00fdch zm\u011bn: Jak drobn\u00e9 \u00fapravy vedou k velk\u00fdm v\u00fdsledk\u016fm\n\t\t\t\t<\/a>\n\t\t\t<\/h2>\n\t\t\t\t\t\t\t\t\t<div class=\"bdt-post-grid-meta bdt-subnav bdt-flex-inline bdt-flex-middle\">\n\t\t\t\t\t\t<span class=\"bdt-post-grid-author\"><a href=\"https:\/\/120db.me\/cs\/author\/dgharaibehgmail-com\/\">dgharaibeh@gmail.com<\/a><\/span>\t\t\t\t\t\t<span class=\"bdt-post-grid-date\">17 \u0159\u00edjna, 2024<\/span>\t\t\t\t\t\t<div class=\"bdt-post-grid-comments bdt-inline-block\"><span><i class=\"ep-icon-bubble\" aria-hidden=\"true\"><\/i> 0<\/span><\/div>\t\t\t\t\t\t\t\t\t\t\t<\/div>\n\t\t\t\t\n\t\t\t\t\t\t\t\t\n\t\t\t<\/div>\n\n\t\t\t\t\t<div class=\"bdt-post-grid-category bdt-position-small bdt-position-top-left\">\n\n\t\t\t<a href=\"https:\/\/120db.me\/cs\/category\/zmena\/\">Zm\u011bna<\/a>\t\t<\/div>\n\t\t\n\t\t<\/div>\n\t\t\t\t\t\t\t<\/div>\n\t\t\t\t\n\t\t\t\t\t<div class=\" bdt-width-1-3@m bdt-width-1-3@s bdt-width-1-1 bdt-secondary\">\n\t\t\t\t\t\t\t\t<div class=\"bdt-post-grid-item bdt-transition-toggle bdt-position-relative\">\n\n\t\t\t<div class=\"bdt-post-grid-img-wrap bdt-overflow-hidden\">\n\t\t\t\t<a href=\"https:\/\/120db.me\/cs\/polstar\/\" class=\"bdt-transition-scale-up bdt-background-cover bdt-transition-opaque bdt-flex\" title=\"Pol\u0161t\u00e1\u0159\" style=\"background-image: url(https:\/\/120db.me\/wp-content\/uploads\/2024\/10\/pillow-300x170.jpg)\">\n  \t\t\t\t<\/a>\n\t\t\t<\/div>\n\t\t\t<div class=\"bdt-custom-overlay bdt-position-cover\"><\/div>\n\n\t\t\t<div class=\"bdt-post-grid-desc bdt-position-medium bdt-position-bottom-left\">\n\n\t\t\t\t<h2 class=\"bdt-post-grid-title\">\n\t\t\t\t<a href=\"https:\/\/120db.me\/cs\/polstar\/\" class=\"bdt-post-grid-link\" title=\"Pol\u0161t\u00e1\u0159\">\n\t\t\t\t\tPol\u0161t\u00e1\u0159\n\t\t\t\t<\/a>\n\t\t\t<\/h2>\n\t\t\t\t\t\t\t\t\t<div class=\"bdt-post-grid-meta bdt-subnav bdt-flex-inline bdt-flex-middle\">\n\t\t\t\t\t\t<span class=\"bdt-post-grid-author\"><a href=\"https:\/\/120db.me\/cs\/author\/dgharaibehgmail-com\/\">dgharaibeh@gmail.com<\/a><\/span>\t\t\t\t\t\t<span class=\"bdt-post-grid-date\">14 \u0159\u00edjna, 2024<\/span>\t\t\t\t\t\t<div class=\"bdt-post-grid-comments bdt-inline-block\"><span><i class=\"ep-icon-bubble\" aria-hidden=\"true\"><\/i> 0<\/span><\/div>\t\t\t\t\t\t\t\t\t\t\t<\/div>\n\t\t\t\t\n\t\t\t\t\t\t\t\t\n\t\t\t<\/div>\n\n\t\t\t\t\t<div class=\"bdt-post-grid-category bdt-position-small bdt-position-top-left\">\n\n\t\t\t<a href=\"https:\/\/120db.me\/cs\/category\/uncategorized-cs\/\">Uncategorized @cs<\/a>\t\t<\/div>\n\t\t\n\t\t<\/div>\n\t\t\t\t\t\t\t<\/div>\n\t\t\t\t\n\t\t\t\t\t<div class=\" bdt-width-1-3@m bdt-width-1-3@s bdt-width-1-1 bdt-secondary\">\n\t\t\t\t\t\t\t\t<div class=\"bdt-post-grid-item bdt-transition-toggle bdt-position-relative\">\n\n\t\t\t<div class=\"bdt-post-grid-img-wrap bdt-overflow-hidden\">\n\t\t\t\t<a href=\"https:\/\/120db.me\/cs\/a-ghost-in-the-bedroom\/\" class=\"bdt-transition-scale-up bdt-background-cover bdt-transition-opaque bdt-flex\" title=\"Duch v lo\u017enici\" style=\"background-image: url(https:\/\/120db.me\/wp-content\/uploads\/2024\/10\/ghost-300x170.jpg)\">\n  \t\t\t\t<\/a>\n\t\t\t<\/div>\n\t\t\t<div class=\"bdt-custom-overlay bdt-position-cover\"><\/div>\n\n\t\t\t<div class=\"bdt-post-grid-desc bdt-position-medium bdt-position-bottom-left\">\n\n\t\t\t\t<h2 class=\"bdt-post-grid-title\">\n\t\t\t\t<a href=\"https:\/\/120db.me\/cs\/a-ghost-in-the-bedroom\/\" class=\"bdt-post-grid-link\" title=\"Duch v lo\u017enici\">\n\t\t\t\t\tDuch v lo\u017enici\n\t\t\t\t<\/a>\n\t\t\t<\/h2>\n\t\t\t\t\t\t\t\t\t<div class=\"bdt-post-grid-meta bdt-subnav bdt-flex-inline bdt-flex-middle\">\n\t\t\t\t\t\t<span class=\"bdt-post-grid-author\"><a href=\"https:\/\/120db.me\/cs\/author\/dgharaibehgmail-com\/\">dgharaibeh@gmail.com<\/a><\/span>\t\t\t\t\t\t<span class=\"bdt-post-grid-date\">10 \u0159\u00edjna, 2024<\/span>\t\t\t\t\t\t<div class=\"bdt-post-grid-comments bdt-inline-block\"><span><i class=\"ep-icon-bubble\" aria-hidden=\"true\"><\/i> 0<\/span><\/div>\t\t\t\t\t\t\t\t\t\t\t<\/div>\n\t\t\t\t\n\t\t\t\t\t\t\t\t\n\t\t\t<\/div>\n\n\t\t\t\t\t<div class=\"bdt-post-grid-category bdt-position-small bdt-position-top-left\">\n\n\t\t\t<a href=\"https:\/\/120db.me\/cs\/category\/predstavivost\/\">P\u0159edstavivost<\/a>\t\t<\/div>\n\t\t\n\t\t<\/div>\n\t\t\t\t\t\t\t<\/div>\n\t\t\t\t\t\t\t<\/div>\n\t\t<\/div>\n\t\t\n\n\t\t\t\t\t\t<\/div>\n\t\t\t\t<\/div>\n\t\t\t\t<div class=\"elementor-element elementor-element-a0907f1 elementor-widget-divider--view-line elementor-widget elementor-widget-divider\" data-id=\"a0907f1\" data-element_type=\"widget\" data-e-type=\"widget\" data-widget_type=\"divider.default\">\n\t\t\t\t<div class=\"elementor-widget-container\">\n\t\t\t\t\t\t\t<div class=\"elementor-divider\">\n\t\t\t<span class=\"elementor-divider-separator\">\n\t\t\t\t\t\t<\/span>\n\t\t<\/div>\n\t\t\t\t\t\t<\/div>\n\t\t\t\t<\/div>\n\t\t\t\t\t<\/div>\n\t\t\t\t<\/div>\n\t\t\t\t<\/div>\n\t\t","protected":false},"excerpt":{"rendered":"<p>V\u00edtejte na 120db.me &#8211; kde je hlasitost v\u017edy vy\u0161\u0161\u00ed! Zaj\u00edmalo v\u00e1s n\u011bkdy, co znamen\u00e1 120 dB? Je to nejhlasit\u011bj\u0161\u00ed zvuk, kter\u00fd lidsk\u00e9 ucho zvl\u00e1dne &#8211; a to je p\u0159esn\u011b ten druh zvuku, kter\u00fdm chceme ovlivnit va\u0161i ka\u017edodenn\u00ed rutinu! Na 120db.me jsme tu, abychom ot\u0159\u00e1sli technologick\u00fdmi tipy, ka\u017edodenn\u00edmi hacky a v\u0161\u00edm, co pot\u0159ebujete, aby byl v\u00e1\u0161 [&hellip;]<\/p>\n","protected":false},"author":1,"featured_media":79,"parent":0,"menu_order":0,"comment_status":"closed","ping_status":"closed","template":"elementor_header_footer","meta":{"_acf_changed":false,"footnotes":""},"class_list":["post-294","page","type-page","status-publish","has-post-thumbnail","hentry"],"blocksy_meta":[],"acf":[],"_links":{"self":[{"href":"https:\/\/120db.me\/cs\/wp-json\/wp\/v2\/pages\/294","targetHints":{"allow":["GET"]}}],"collection":[{"href":"https:\/\/120db.me\/cs\/wp-json\/wp\/v2\/pages"}],"about":[{"href":"https:\/\/120db.me\/cs\/wp-json\/wp\/v2\/types\/page"}],"author":[{"embeddable":true,"href":"https:\/\/120db.me\/cs\/wp-json\/wp\/v2\/users\/1"}],"replies":[{"embeddable":true,"href":"https:\/\/120db.me\/cs\/wp-json\/wp\/v2\/comments?post=294"}],"version-history":[{"count":5,"href":"https:\/\/120db.me\/cs\/wp-json\/wp\/v2\/pages\/294\/revisions"}],"predecessor-version":[{"id":452,"href":"https:\/\/120db.me\/cs\/wp-json\/wp\/v2\/pages\/294\/revisions\/452"}],"wp:featuredmedia":[{"embeddable":true,"href":"https:\/\/120db.me\/cs\/wp-json\/wp\/v2\/media\/79"}],"wp:attachment":[{"href":"https:\/\/120db.me\/cs\/wp-json\/wp\/v2\/media?parent=294"}],"curies":[{"name":"wp","href":"https:\/\/api.w.org\/{rel}","templated":true}]}}